{"id":81705,"date":"2023-04-15T08:34:23","date_gmt":"2023-04-15T08:34:23","guid":{"rendered":"https:\/\/esz-becker.de\/?page_id=81705"},"modified":"2026-04-02T16:33:11","modified_gmt":"2026-04-02T16:33:11","slug":"ptfe-schrumpfschlauch-aus-fluorkunststoff","status":"publish","type":"page","link":"https:\/\/esz-becker.de\/es\/ptfe-schrumpfschlauch-aus-fluorkunststoff\/","title":{"rendered":"Schrumpfschlauch aus Fluorkunststoff"},"content":{"rendered":"<div data-elementor-type=\"wp-page\" data-elementor-id=\"81705\" class=\"elementor elementor-81705\">\n\t\t\t\t\t\t<section class=\"elementor-section elementor-top-section elementor-element elementor-element-c9d5436 elementor-section-boxed elementor-section-height-default elementor-section-height-default\" data-id=\"c9d5436\" data-element_type=\"section\" data-e-type=\"section\">\n\t\t\t\t\t\t<div class=\"elementor-container elementor-column-gap-default\">\n\t\t\t\t\t<div class=\"elementor-column elementor-col-100 elementor-top-column elementor-element elementor-element-1c1056f\" data-fullscreen-column-settings=\"{&quot;fullscreen&quot;:&quot;&quot;}\" data-id=\"1c1056f\" data-element_type=\"column\" data-e-type=\"column\">\n\t\t\t<div class=\"elementor-widget-wrap elementor-element-populated\">\n\t\t\t\t\t\t<div class=\"elementor-element elementor-element-2124f07 elementor-widget elementor-widget-heading\" data-id=\"2124f07\" data-element_type=\"widget\" data-e-type=\"widget\" data-widget_type=\"heading.default\">\n\t\t\t\t<div class=\"elementor-widget-container\">\n\t\t\t\t\t<h2 class=\"elementor-heading-title elementor-size-default\">Schrumpfschlauch aus Fluorkunststoff<\/h2>\t\t\t\t<\/div>\n\t\t\t\t<\/div>\n\t\t\t\t<div class=\"elementor-element elementor-element-5ca8d39 elementor-widget elementor-widget-spacer\" data-id=\"5ca8d39\" data-element_type=\"widget\" data-e-type=\"widget\" data-widget_type=\"spacer.default\">\n\t\t\t\t<div class=\"elementor-widget-container\">\n\t\t\t\t\t\t\t<div class=\"elementor-spacer\">\n\t\t\t<div class=\"elementor-spacer-inner\"><\/div>\n\t\t<\/div>\n\t\t\t\t\t\t<\/div>\n\t\t\t\t<\/div>\n\t\t\t\t<div class=\"elementor-element elementor-element-0704c7e elementor-widget elementor-widget-text-editor\" data-id=\"0704c7e\" data-element_type=\"widget\" data-e-type=\"widget\" data-widget_type=\"text-editor.default\">\n\t\t\t\t<div class=\"elementor-widget-container\">\n\t\t\t\t\t\t\t\t\t<ul class=\"row-jumper\"><li><h3>Tubo termorretr\u00e1ctil doble PTFE\/FEP<\/h3><\/li><li><h3>PTFE Schrumpfschlauch Standardgr\u00f6\u00dfen mit Schrumpfraten 4:1 oder 2:1<\/h3><\/li><li><h3>Sonderanfertigungen nach Kundenspezifikation<\/h3><\/li><\/ul>\t\t\t\t\t\t\t\t<\/div>\n\t\t\t\t<\/div>\n\t\t\t\t\t<\/div>\n\t\t<\/div>\n\t\t\t\t\t<\/div>\n\t\t<\/section>\n\t\t\t\t<section class=\"elementor-section elementor-top-section elementor-element elementor-element-2c3ca996 elementor-section-stretched elementor-section-boxed elementor-section-height-default elementor-section-height-default\" data-id=\"2c3ca996\" data-element_type=\"section\" data-e-type=\"section\" id=\"kompakt\" data-settings=\"{&quot;background_background&quot;:&quot;classic&quot;,&quot;stretch_section&quot;:&quot;section-stretched&quot;}\">\n\t\t\t\t\t\t<div class=\"elementor-container elementor-column-gap-default\">\n\t\t\t\t\t<div class=\"elementor-column elementor-col-50 elementor-top-column elementor-element elementor-element-6f8fbc9b\" data-fullscreen-column-settings=\"{&quot;fullscreen&quot;:&quot;&quot;}\" data-id=\"6f8fbc9b\" data-element_type=\"column\" data-e-type=\"column\">\n\t\t\t<div class=\"elementor-widget-wrap elementor-element-populated\">\n\t\t\t\t\t\t<div class=\"elementor-element elementor-element-3001041 elementor-widget elementor-widget-text-editor\" data-id=\"3001041\" data-element_type=\"widget\" data-e-type=\"widget\" data-widget_type=\"text-editor.default\">\n\t\t\t\t<div class=\"elementor-widget-container\">\n\t\t\t\t\t\t\t\t\t<p style=\"text-align: left\"><strong>Wir fertigen Dual Schrumpfschl\u00e4uche aus PTFE\/FEP,\u00a0\u00a0<\/strong><strong style=\"color: var( --e-global-color-secondary );font-family: var( --e-global-typography-text-font-family ), Sans-serif\">PTFE-Schrumpfschl\u00e4uche mit den Standardschrumpfraten 4:1 oder 2:1 (AWG-Gr\u00f6\u00dfentabelle) und Sonderschrumpfschl\u00e4uche nach Kundenvorgaben.<\/strong><\/p><p style=\"text-align: left\">Einen gro\u00dfen Teil unserer PTFE-Schrumpfschl\u00e4uche oder Dualschrumpfschl\u00e4uche aus PTFE\/FEP f\u00fchren wir lagerhaltig. Fordern Sie gerne Qualit\u00e4tsmuster an! Wir fertigen in Produktionsl\u00e4ngen auf Spule, in Standardl\u00e4ngen von 1220 mm oder anwendungsspezifisch geschnitten nach Ihren Vorgaben.<\/p><p style=\"text-align: left\">Zudem umschrumpfen oder beschichten wir Ihre Bauteile in unserem Werk oder k\u00f6nnen diese mediendicht einkapseln.<\/p><p style=\"text-align: left\">Neben unserem Dual-Schrumpfschlauch k\u00f6nnen wir auch mit einer Kombination von Schlauch und Stopfen gr\u00f6\u00dfere Bauteile wie F\u00fcllstandsensoren bearbeiten und verschlie\u00dfen.<\/p><p style=\"text-align: left\">Wir freuen uns auf Ihre Anfragen und geben Ihnen eine schnelle R\u00fcckmeldung.<\/p>\t\t\t\t\t\t\t\t<\/div>\n\t\t\t\t<\/div>\n\t\t\t\t<div class=\"elementor-element elementor-element-ea4b1b7 elementor-widget elementor-widget-text-editor\" data-id=\"ea4b1b7\" data-element_type=\"widget\" data-e-type=\"widget\" data-widget_type=\"text-editor.default\">\n\t\t\t\t<div class=\"elementor-widget-container\">\n\t\t\t\t\t\t\t\t\t<p>Ihr Ansprechpartner:<br \/><strong style=\"color: var( --e-global-color-secondary );font-family: var( --e-global-typography-text-font-family ), Sans-serif\">SCHRUMPFSCHLAUCH VERKAUF\u00a0UND TECHNISCHE BERATUNG<\/strong><\/p><p><strong>Dennis Olschowka<\/strong><\/p><p class=\" translation-block\"><a href=\"tel:02131-7581-19\" target=\"_self\">Tel.: 02131-7581-19<\/a><br><span style=\"font-family: var( --e-global-typography-text-font-family ), Sans-serif;color: var( --e-global-color-secondary )\">Fax: 02131-7581-11<\/span><br><strong><a href=\"mailto:dennisolschowka@esz-becker.de\" target=\"_self\">dennisolschowka@esz-becker.de<\/a><\/strong><\/p>\t\t\t\t\t\t\t\t<\/div>\n\t\t\t\t<\/div>\n\t\t\t\t\t<\/div>\n\t\t<\/div>\n\t\t\t\t<div class=\"elementor-column elementor-col-50 elementor-top-column elementor-element elementor-element-20a6634\" data-fullscreen-column-settings=\"{&quot;fullscreen&quot;:&quot;&quot;}\" data-id=\"20a6634\" data-element_type=\"column\" data-e-type=\"column\" data-settings=\"{&quot;background_background&quot;:&quot;classic&quot;}\">\n\t\t\t<div class=\"elementor-widget-wrap elementor-element-populated\">\n\t\t\t\t\t\t<div class=\"elementor-element elementor-element-cb8c3a3 elementor-widget elementor-widget-image\" data-id=\"cb8c3a3\" data-element_type=\"widget\" data-e-type=\"widget\" data-widget_type=\"image.default\">\n\t\t\t\t<div class=\"elementor-widget-container\">\n\t\t\t\t\t\t\t\t\t\t\t\t\t\t\t<img fetchpriority=\"high\" decoding=\"async\" width=\"1024\" height=\"1024\" src=\"https:\/\/esz-becker.de\/wp-content\/uploads\/Schrumpfschlauch-Gruppe-1.jpg\" class=\"attachment-1536x1536 size-1536x1536 wp-image-81830\" alt=\"\" srcset=\"https:\/\/esz-becker.de\/wp-content\/uploads\/Schrumpfschlauch-Gruppe-1.jpg 1024w, https:\/\/esz-becker.de\/wp-content\/uploads\/Schrumpfschlauch-Gruppe-1-300x300.jpg 300w, https:\/\/esz-becker.de\/wp-content\/uploads\/Schrumpfschlauch-Gruppe-1-150x150.jpg 150w, https:\/\/esz-becker.de\/wp-content\/uploads\/Schrumpfschlauch-Gruppe-1-768x768.jpg 768w, https:\/\/esz-becker.de\/wp-content\/uploads\/Schrumpfschlauch-Gruppe-1-12x12.jpg 12w, https:\/\/esz-becker.de\/wp-content\/uploads\/Schrumpfschlauch-Gruppe-1-200x200.jpg 200w\" sizes=\"(max-width: 1024px) 100vw, 1024px\" \/>\t\t\t\t\t\t\t\t\t\t\t\t\t\t\t<\/div>\n\t\t\t\t<\/div>\n\t\t\t\t<div class=\"elementor-element elementor-element-665926b elementor-widget elementor-widget-spacer\" data-id=\"665926b\" data-element_type=\"widget\" data-e-type=\"widget\" data-widget_type=\"spacer.default\">\n\t\t\t\t<div class=\"elementor-widget-container\">\n\t\t\t\t\t\t\t<div class=\"elementor-spacer\">\n\t\t\t<div class=\"elementor-spacer-inner\"><\/div>\n\t\t<\/div>\n\t\t\t\t\t\t<\/div>\n\t\t\t\t<\/div>\n\t\t\t\t<div class=\"elementor-element elementor-element-2992de95 elementor-widget elementor-widget-litho-button\" data-id=\"2992de95\" data-element_type=\"widget\" data-e-type=\"widget\" data-widget_type=\"litho-button.default\">\n\t\t\t\t<div class=\"elementor-widget-container\">\n\t\t\t\t\t\t\t\t\t<div class=\"elementor-button-wrapper litho-button-wrapper\">\n\t\t\t\t\t<a class=\"elementor-button-link elementor-button elementor-size-md\" href=\"https:\/\/esz-becker.de\/wp-content\/uploads\/Datenblatt-PTFE-Schrumpfschlauch.pdf\" target=\"_blank\" role=\"button\">\n\t\t\t\t\t\t\t\t\t<span class=\"elementor-button-content-wrapper\">\n\t\t\t\t\t\t\t\t<span class=\"elementor-button-icon elementor-align-icon-left\">\n\t\t\t\t\t<i aria-hidden=\"true\" class=\"ti ti-download\"><\/i>\t\t\t\t<\/span>\n\t\t\t\t\t\t\t\t\t\t\t\t\t<span class=\"elementor-button-text\">Technisches Datenblatt PTFE Schrumpfschlauch<\/span>\n\t\t\t\t\t\t\t<\/span>\n\t\t\t\t\t\t\t\t\t<span class=\"screen-reader-text\">Button<\/span>\n\t\t\t\t\t<\/a>\n\t\t\t\t<\/div>\n\t\t\t\t\t\t\t<\/div>\n\t\t\t\t<\/div>\n\t\t\t\t<div class=\"elementor-element elementor-element-edf070b elementor-widget elementor-widget-spacer\" data-id=\"edf070b\" data-element_type=\"widget\" data-e-type=\"widget\" data-widget_type=\"spacer.default\">\n\t\t\t\t<div class=\"elementor-widget-container\">\n\t\t\t\t\t\t\t<div class=\"elementor-spacer\">\n\t\t\t<div class=\"elementor-spacer-inner\"><\/div>\n\t\t<\/div>\n\t\t\t\t\t\t<\/div>\n\t\t\t\t<\/div>\n\t\t\t\t<div class=\"elementor-element elementor-element-75a1d13 elementor-widget elementor-widget-litho-button\" data-id=\"75a1d13\" data-element_type=\"widget\" data-e-type=\"widget\" data-widget_type=\"litho-button.default\">\n\t\t\t\t<div class=\"elementor-widget-container\">\n\t\t\t\t\t\t\t\t\t<div class=\"elementor-button-wrapper litho-button-wrapper\">\n\t\t\t\t\t<a class=\"elementor-button-link elementor-button elementor-size-md\" href=\"https:\/\/esz-becker.de\/wp-content\/uploads\/ficha-tecnica-tubo-termorrectractil-doblo.pdf\" target=\"_blank\" role=\"button\">\n\t\t\t\t\t\t\t\t\t<span class=\"elementor-button-content-wrapper\">\n\t\t\t\t\t\t\t\t<span class=\"elementor-button-icon elementor-align-icon-left\">\n\t\t\t\t\t<i aria-hidden=\"true\" class=\"ti ti-download\"><\/i>\t\t\t\t<\/span>\n\t\t\t\t\t\t\t\t\t\t\t\t\t<span class=\"elementor-button-text\">Technisches Datenblatt Dual-Schrumpfschlauch<\/span>\n\t\t\t\t\t\t\t<\/span>\n\t\t\t\t\t\t\t\t\t<span class=\"screen-reader-text\">Button<\/span>\n\t\t\t\t\t<\/a>\n\t\t\t\t<\/div>\n\t\t\t\t\t\t\t<\/div>\n\t\t\t\t<\/div>\n\t\t\t\t\t<\/div>\n\t\t<\/div>\n\t\t\t\t\t<\/div>\n\t\t<\/section>\n\t\t\t\t<section class=\"elementor-section elementor-top-section elementor-element elementor-element-1091ac6f elementor-section-stretched elementor-section-boxed elementor-section-height-default elementor-section-height-default\" data-id=\"1091ac6f\" data-element_type=\"section\" data-e-type=\"section\" id=\"formular\" data-settings=\"{&quot;stretch_section&quot;:&quot;section-stretched&quot;,&quot;background_background&quot;:&quot;classic&quot;}\">\n\t\t\t\t\t\t<div class=\"elementor-container elementor-column-gap-default\">\n\t\t\t\t\t<div class=\"elementor-column elementor-col-50 elementor-top-column elementor-element elementor-element-34a02a75\" data-fullscreen-column-settings=\"{&quot;fullscreen&quot;:&quot;&quot;}\" data-id=\"34a02a75\" data-element_type=\"column\" data-e-type=\"column\" data-settings=\"{&quot;background_background&quot;:&quot;classic&quot;}\">\n\t\t\t<div class=\"elementor-widget-wrap elementor-element-populated\">\n\t\t\t\t\t\t<div class=\"elementor-element elementor-element-73efb3f0 elementor-view-default elementor-widget elementor-widget-litho-feature-box\" data-id=\"73efb3f0\" data-element_type=\"widget\" data-e-type=\"widget\" data-settings=\"{&quot;litho_feature_box_styles&quot;:&quot;icon-text-style-2&quot;}\" data-widget_type=\"litho-feature-box.default\">\n\t\t\t\t<div class=\"elementor-widget-container\">\n\t\t\t\t\t\t\t\t\t\t<div class=\"feature-box icon-text-style-2\">\n\t\t\t\t\t\t<div class=\"icon-text-style-wrapper\"><div class=\"elementor-icon\"><i aria-hidden=\"true\" class=\"ti ti-email\"><\/i><\/div><div class=\"feature-box-content\"><span class=\"title\">TIENE PREGUNTAS SOBRE<\/span><span class=\"subtitle\">NUESTROS TUBOS RETR\u00c1CTILES? O NECESITA UNA MUESTRA DE CALIDAD?<\/span><\/div><div class=\"content\"><span><p>Ll\u00e1menos o env\u00edenos un correo electr\u00f3nico.<\/p><\/span><\/div><\/div>\n\t\t\t\t\t<\/div>\n\t\t\t\t\t\t\t\t\t<\/div>\n\t\t\t\t<\/div>\n\t\t\t\t<div class=\"elementor-element elementor-element-55ce8aaf elementor-widget elementor-widget-litho-contact-form\" data-id=\"55ce8aaf\" data-element_type=\"widget\" data-e-type=\"widget\" data-widget_type=\"litho-contact-form.default\">\n\t\t\t\t<div class=\"elementor-widget-container\">\n\t\t\t\t\t\t\t\t<div class=\"contact-form-wrapper\">\n\t\t\t\t\n<div class=\"wpcf7 no-js\" id=\"wpcf7-f81717-o1\" lang=\"en-US\" dir=\"ltr\" data-wpcf7-id=\"81717\">\n<div class=\"screen-reader-response\"><p role=\"status\" aria-live=\"polite\" aria-atomic=\"true\"><\/p> <ul><\/ul><\/div>\n<form action=\"\/es\/wp-json\/wp\/v2\/pages\/81705#wpcf7-f81717-o1\" method=\"post\" class=\"wpcf7-form init\" aria-label=\"Contact form\" enctype=\"multipart\/form-data\" novalidate=\"novalidate\" data-status=\"init\" data-trp-original-action=\"\/es\/wp-json\/wp\/v2\/pages\/81705#wpcf7-f81717-o1\">\n<fieldset class=\"hidden-fields-container\"><input type=\"hidden\" name=\"_wpcf7\" value=\"81717\" \/><input type=\"hidden\" name=\"_wpcf7_version\" value=\"6.1.5\" \/><input type=\"hidden\" name=\"_wpcf7_locale\" value=\"en_US\" \/><input type=\"hidden\" name=\"_wpcf7_unit_tag\" value=\"wpcf7-f81717-o1\" \/><input type=\"hidden\" name=\"_wpcf7_container_post\" value=\"0\" \/><input type=\"hidden\" name=\"_wpcf7_posted_data_hash\" value=\"\" \/><input type=\"hidden\" name=\"_wpcf7_recaptcha_response\" value=\"\" \/>\n<\/fieldset>\n<div class=\"\">\n\t<p><span class=\"wpcf7-form-control-wrap\" data-name=\"your-name\"><input size=\"40\" maxlength=\"400\" class=\"wpcf7-form-control wpcf7-text wpcf7-validates-as-required\" aria-required=\"true\" aria-invalid=\"false\" placeholder=\"Su nombre*\" value=\"\" type=\"text\" name=\"your-name\" \/><\/span><br \/>\n<span class=\"wpcf7-form-control-wrap\" data-name=\"your-email-address\"><input size=\"40\" maxlength=\"400\" class=\"wpcf7-form-control wpcf7-email wpcf7-validates-as-required wpcf7-text wpcf7-validates-as-email\" aria-required=\"true\" aria-invalid=\"false\" placeholder=\"Su direcci\u00f3n de correo electr\u00f3nico*.\" value=\"\" type=\"email\" name=\"your-email-address\" \/><\/span><br \/>\n<span class=\"wpcf7-form-control-wrap\" data-name=\"your-mobile\"><input size=\"40\" maxlength=\"400\" class=\"wpcf7-form-control wpcf7-text\" aria-invalid=\"false\" placeholder=\"Su n\u00famero de tel\u00e9fono\" value=\"\" type=\"text\" name=\"your-mobile\" \/><\/span><br \/>\n<span class=\"wpcf7-form-control-wrap\" data-name=\"your-company\"><input size=\"40\" maxlength=\"400\" class=\"wpcf7-form-control wpcf7-text wpcf7-validates-as-required\" aria-required=\"true\" aria-invalid=\"false\" placeholder=\"Su empresa*\" value=\"\" type=\"text\" name=\"your-company\" \/><\/span><br \/>\n<span class=\"wpcf7-form-control-wrap\" data-name=\"your-message\"><textarea cols=\"40\" rows=\"10\" maxlength=\"2000\" class=\"wpcf7-form-control wpcf7-textarea\" aria-invalid=\"false\" placeholder=\"Su mensaje\" name=\"your-message\"><\/textarea><\/span><br \/>\n<label>Adjuntar fichero: <\/label><br \/>\n<span class=\"wpcf7-form-control-wrap\" data-name=\"Datei\"><input size=\"40\" class=\"wpcf7-form-control wpcf7-file\" accept=\".pdf,.jpg,.png,.jpeg,.gif,.doc\" aria-invalid=\"false\" type=\"file\" name=\"Datei\" \/><\/span>\n\t<\/p>\n<\/div>\n<div class=\"litho-button-wrapper contact-modern\">\n\t<p><input class=\"wpcf7-form-control wpcf7-submit has-spinner elementor-button elementor-size-md\" type=\"submit\" value=\"Enviar mensaje\" \/>\n\t<\/p>\n<\/div><div class=\"wpcf7-response-output\" aria-hidden=\"true\"><\/div>\n<input type=\"hidden\" name=\"trp-form-language\" value=\"es\"\/><\/form>\n<\/div>\n\t\t\t<\/div>\n\t\t\t\t\t\t\t<\/div>\n\t\t\t\t<\/div>\n\t\t\t\t\t<\/div>\n\t\t<\/div>\n\t\t\t\t<div class=\"elementor-column elementor-col-50 elementor-top-column elementor-element elementor-element-75661ec2\" data-fullscreen-column-settings=\"{&quot;fullscreen&quot;:&quot;&quot;}\" data-id=\"75661ec2\" data-element_type=\"column\" data-e-type=\"column\">\n\t\t\t<div class=\"elementor-widget-wrap elementor-element-populated\">\n\t\t\t\t\t\t<div class=\"elementor-element elementor-element-3ce92d7 elementor-widget elementor-widget-litho-button\" data-id=\"3ce92d7\" data-element_type=\"widget\" data-e-type=\"widget\" data-widget_type=\"litho-button.default\">\n\t\t\t\t<div class=\"elementor-widget-container\">\n\t\t\t\t\t\t\t\t\t<div class=\"elementor-button-wrapper litho-button-wrapper\">\n\t\t\t\t\t<a class=\"elementor-button-link elementor-button elementor-size-md\" href=\"tel:02131%2075%2081%2019\" role=\"button\">\n\t\t\t\t\t\t\t\t\t<span class=\"elementor-button-content-wrapper\">\n\t\t\t\t\t\t\t\t<span class=\"elementor-button-icon elementor-align-icon-left\">\n\t\t\t\t\t<i aria-hidden=\"true\" class=\"fas fa-phone-alt\"><\/i>\t\t\t\t<\/span>\n\t\t\t\t\t\t\t\t\t\t\t\t\t<span class=\"elementor-button-text\">+ 49 (0) 2131 75 81 00<\/span>\n\t\t\t\t\t\t\t<\/span>\n\t\t\t\t\t\t\t\t\t<span class=\"screen-reader-text\">Button<\/span>\n\t\t\t\t\t<\/a>\n\t\t\t\t<\/div>\n\t\t\t\t\t\t\t<\/div>\n\t\t\t\t<\/div>\n\t\t\t\t<div class=\"elementor-element elementor-element-40c40da4 elementor-widget elementor-widget-litho-button\" data-id=\"40c40da4\" data-element_type=\"widget\" data-e-type=\"widget\" data-widget_type=\"litho-button.default\">\n\t\t\t\t<div class=\"elementor-widget-container\">\n\t\t\t\t\t\t\t\t\t<div class=\"elementor-button-wrapper litho-button-wrapper\">\n\t\t\t\t\t<a class=\"elementor-button-link elementor-button elementor-size-md\" href=\"mailto:dennisolschowka@esz-becker.de\" role=\"button\">\n\t\t\t\t\t\t\t\t\t<span class=\"elementor-button-content-wrapper\">\n\t\t\t\t\t\t\t\t<span class=\"elementor-button-icon elementor-align-icon-left\">\n\t\t\t\t\t<i aria-hidden=\"true\" class=\"ti ti-email\"><\/i>\t\t\t\t<\/span>\n\t\t\t\t\t\t\t\t\t\t\t\t\t<span class=\"elementor-button-text\">Dennis Olschowka<\/span>\n\t\t\t\t\t\t\t<\/span>\n\t\t\t\t\t\t\t\t\t<span class=\"screen-reader-text\">Button<\/span>\n\t\t\t\t\t<\/a>\n\t\t\t\t<\/div>\n\t\t\t\t\t\t\t<\/div>\n\t\t\t\t<\/div>\n\t\t\t\t\t<\/div>\n\t\t<\/div>\n\t\t\t\t\t<\/div>\n\t\t<\/section>\n\t\t\t\t<\/div>","protected":false},"excerpt":{"rendered":"<p>Schrumpfschlauch aus Fluorkunststoff Dual-Schrumpfschlauch PTFE\/FEP PTFE Schrumpfschlauch Standardgr\u00f6\u00dfen mit Schrumpfraten 4:1 oder 2:1 Sonderanfertigungen nach Kundenspezifikation Wir fertigen Dual Schrumpfschl\u00e4uche aus PTFE\/FEP,\u00a0\u00a0PTFE-Schrumpfschl\u00e4uche mit den Standardschrumpfraten 4:1 oder 2:1 (AWG-Gr\u00f6\u00dfentabelle) und Sonderschrumpfschl\u00e4uche nach Kundenvorgaben. Einen gro\u00dfen Teil unserer PTFE-Schrumpfschl\u00e4uche oder Dualschrumpfschl\u00e4uche aus PTFE\/FEP f\u00fchren wir lagerhaltig. Fordern Sie gerne Qualit\u00e4tsmuster an! Wir fertigen in Produktionsl\u00e4ngen auf [&hellip;]<\/p>\n","protected":false},"author":1,"featured_media":0,"parent":0,"menu_order":0,"comment_status":"closed","ping_status":"closed","template":"","meta":{"_monsterinsights_skip_tracking":false,"_monsterinsights_sitenote_active":false,"_monsterinsights_sitenote_note":"","_monsterinsights_sitenote_category":0,"footnotes":""},"class_list":["post-81705","page","type-page","status-publish","hentry"],"aioseo_notices":[],"_links":{"self":[{"href":"https:\/\/esz-becker.de\/es\/wp-json\/wp\/v2\/pages\/81705","targetHints":{"allow":["GET"]}}],"collection":[{"href":"https:\/\/esz-becker.de\/es\/wp-json\/wp\/v2\/pages"}],"about":[{"href":"https:\/\/esz-becker.de\/es\/wp-json\/wp\/v2\/types\/page"}],"author":[{"embeddable":true,"href":"https:\/\/esz-becker.de\/es\/wp-json\/wp\/v2\/users\/1"}],"replies":[{"embeddable":true,"href":"https:\/\/esz-becker.de\/es\/wp-json\/wp\/v2\/comments?post=81705"}],"version-history":[{"count":102,"href":"https:\/\/esz-becker.de\/es\/wp-json\/wp\/v2\/pages\/81705\/revisions"}],"predecessor-version":[{"id":83212,"href":"https:\/\/esz-becker.de\/es\/wp-json\/wp\/v2\/pages\/81705\/revisions\/83212"}],"wp:attachment":[{"href":"https:\/\/esz-becker.de\/es\/wp-json\/wp\/v2\/media?parent=81705"}],"curies":[{"name":"wp","href":"https:\/\/api.w.org\/{rel}","templated":true}]}}